{"id":1399,"date":"2023-04-27T14:51:39","date_gmt":"2023-04-27T12:51:39","guid":{"rendered":"https:\/\/salespro-europe.de\/?page_id=1399"},"modified":"2024-07-18T09:15:34","modified_gmt":"2024-07-18T07:15:34","slug":"imprint","status":"publish","type":"page","link":"https:\/\/gss-kft.com\/hu\/imprint\/","title":{"rendered":"imprint"},"content":{"rendered":"<div style=\"word-wrap: break-word;\"><h1>Site Notice<\/h1>\n\n<h2>Information pursuant to Sect. 5 German Telemedia Act (TMG)<\/h2>\n<p>Sales Pro GmbH<br \/>\nMax-Planck-Stra&szlig;e 1<br \/>\n59423 Unna<\/p>\n\n<p>Commercial Register: HRB 7221<br \/>\nRegistration court: Amtsgericht Hamm<\/p>\n\n<p><strong>Represented by:<\/strong><br \/>\nJohann Sawazki<\/p>\n\n<h2>Kapcsolat<\/h2>\n<p>Phone: + 49 23 03\/98 67 &ndash; 387<br \/>\nE-mail: info@salespro-europe.de<\/p>\n\n<h2>VAT ID<\/h2>\n<p>Sales tax identification number according to Sect. 27 a of the Sales Tax Law:<br \/>\nDE277982894<\/p>\n\n<h2>EU dispute resolution<\/h2>\n<p>The European Commission provides a platform for online dispute resolution (ODR): <a href=\"https:\/\/ec.europa.eu\/consumers\/odr\/\" target=\"_blank\" rel=\"noopener noreferrer\">https:\/\/ec.europa.eu\/consumers\/odr\/<\/a>.<br \/> Our e-mail address can be found above in the site notice.<\/p>\n\n<h2>Dispute resolution proceedings in front of a consumer arbitration board<\/h2>\n<p>We are not willing or obliged to participate in dispute resolution proceedings in front of a consumer arbitration board.<\/p><\/div>","protected":false},"excerpt":{"rendered":"Site Notice Information pursuant to Sect. 5 German Telemedia Act (TMG) Sales Pro GmbH Max-Planck-Stra&szlig;e 1 59423 Unna Commercial Register: HRB 7221 Registration court: Amtsgericht Hamm Represented by: Johann Sawazki Contact Phone: + 49 23 03\/98 67 &ndash; 387 E-mail: info@salespro-europe.de VAT ID Sales tax identification number according to Sect. 27 a of the Sales...","protected":false},"author":1,"featured_media":0,"parent":0,"menu_order":0,"comment_status":"closed","ping_status":"closed","template":"","meta":{"footnotes":""},"class_list":["post-1399","page","type-page","status-publish","hentry"],"yoast_head":"<!-- This site is optimized with the Yoast SEO plugin v27.5 - https:\/\/yoast.com\/product\/yoast-seo-wordpress\/ -->\n<title>imprint - gss-kft.com<\/title>\n<meta name=\"robots\" content=\"index, follow, max-snippet:-1, max-image-preview:large, max-video-preview:-1\" \/>\n<link rel=\"canonical\" href=\"https:\/\/gss-kft.com\/hu\/imprint\/\" \/>\n<meta property=\"og:locale\" content=\"hu_HU\" \/>\n<meta property=\"og:type\" content=\"article\" \/>\n<meta property=\"og:title\" content=\"imprint - gss-kft.com\" \/>\n<meta property=\"og:url\" content=\"https:\/\/gss-kft.com\/hu\/imprint\/\" \/>\n<meta property=\"og:site_name\" content=\"gss-kft.com\" \/>\n<meta property=\"article:modified_time\" content=\"2024-07-18T07:15:34+00:00\" \/>\n<meta name=\"twitter:card\" content=\"summary_large_image\" \/>\n<meta name=\"twitter:label1\" content=\"Becs\u00fclt olvas\u00e1si id\u0151\" \/>\n\t<meta name=\"twitter:data1\" content=\"1 perc\" \/>\n<script type=\"application\/ld+json\" class=\"yoast-schema-graph\">{\"@context\":\"https:\\\/\\\/schema.org\",\"@graph\":[{\"@type\":\"WebPage\",\"@id\":\"https:\\\/\\\/gss-kft.com\\\/imprint\\\/\",\"url\":\"https:\\\/\\\/gss-kft.com\\\/imprint\\\/\",\"name\":\"imprint - gss-kft.com\",\"isPartOf\":{\"@id\":\"https:\\\/\\\/gss-kft.com\\\/#website\"},\"datePublished\":\"2023-04-27T12:51:39+00:00\",\"dateModified\":\"2024-07-18T07:15:34+00:00\",\"breadcrumb\":{\"@id\":\"https:\\\/\\\/gss-kft.com\\\/imprint\\\/#breadcrumb\"},\"inLanguage\":\"hu\",\"potentialAction\":[{\"@type\":\"ReadAction\",\"target\":[\"https:\\\/\\\/gss-kft.com\\\/imprint\\\/\"]}]},{\"@type\":\"BreadcrumbList\",\"@id\":\"https:\\\/\\\/gss-kft.com\\\/imprint\\\/#breadcrumb\",\"itemListElement\":[{\"@type\":\"ListItem\",\"position\":1,\"name\":\"Startseite\",\"item\":\"https:\\\/\\\/gss-kft.com\\\/\"},{\"@type\":\"ListItem\",\"position\":2,\"name\":\"imprint\"}]},{\"@type\":\"WebSite\",\"@id\":\"https:\\\/\\\/gss-kft.com\\\/#website\",\"url\":\"https:\\\/\\\/gss-kft.com\\\/\",\"name\":\"gss-kft.com\",\"description\":\"Ihr Vertriebspartner f\u00fcr Markenprodukte in ganze Europa.\",\"publisher\":{\"@id\":\"https:\\\/\\\/gss-kft.com\\\/#organization\"},\"potentialAction\":[{\"@type\":\"SearchAction\",\"target\":{\"@type\":\"EntryPoint\",\"urlTemplate\":\"https:\\\/\\\/gss-kft.com\\\/?s={search_term_string}\"},\"query-input\":{\"@type\":\"PropertyValueSpecification\",\"valueRequired\":true,\"valueName\":\"search_term_string\"}}],\"inLanguage\":\"hu\"},{\"@type\":\"Organization\",\"@id\":\"https:\\\/\\\/gss-kft.com\\\/#organization\",\"name\":\"Sales Pro GmbH\",\"url\":\"https:\\\/\\\/gss-kft.com\\\/\",\"logo\":{\"@type\":\"ImageObject\",\"inLanguage\":\"hu\",\"@id\":\"https:\\\/\\\/gss-kft.com\\\/#\\\/schema\\\/logo\\\/image\\\/\",\"url\":\"https:\\\/\\\/gss-kft.com\\\/wp-content\\\/uploads\\\/2023\\\/04\\\/logorgb.svg\",\"contentUrl\":\"https:\\\/\\\/gss-kft.com\\\/wp-content\\\/uploads\\\/2023\\\/04\\\/logorgb.svg\",\"width\":\"1024\",\"height\":\"1024\",\"caption\":\"Sales Pro GmbH\"},\"image\":{\"@id\":\"https:\\\/\\\/gss-kft.com\\\/#\\\/schema\\\/logo\\\/image\\\/\"}}]}<\/script>\n<!-- \/ Yoast SEO plugin. -->","yoast_head_json":{"title":"imprint - gss-kft.com","robots":{"index":"index","follow":"follow","max-snippet":"max-snippet:-1","max-image-preview":"max-image-preview:large","max-video-preview":"max-video-preview:-1"},"canonical":"https:\/\/gss-kft.com\/hu\/imprint\/","og_locale":"hu_HU","og_type":"article","og_title":"imprint - gss-kft.com","og_url":"https:\/\/gss-kft.com\/hu\/imprint\/","og_site_name":"gss-kft.com","article_modified_time":"2024-07-18T07:15:34+00:00","twitter_card":"summary_large_image","twitter_misc":{"Becs\u00fclt olvas\u00e1si id\u0151":"1 perc"},"schema":{"@context":"https:\/\/schema.org","@graph":[{"@type":"WebPage","@id":"https:\/\/gss-kft.com\/imprint\/","url":"https:\/\/gss-kft.com\/imprint\/","name":"imprint - gss-kft.com","isPartOf":{"@id":"https:\/\/gss-kft.com\/#website"},"datePublished":"2023-04-27T12:51:39+00:00","dateModified":"2024-07-18T07:15:34+00:00","breadcrumb":{"@id":"https:\/\/gss-kft.com\/imprint\/#breadcrumb"},"inLanguage":"hu","potentialAction":[{"@type":"ReadAction","target":["https:\/\/gss-kft.com\/imprint\/"]}]},{"@type":"BreadcrumbList","@id":"https:\/\/gss-kft.com\/imprint\/#breadcrumb","itemListElement":[{"@type":"ListItem","position":1,"name":"Startseite","item":"https:\/\/gss-kft.com\/"},{"@type":"ListItem","position":2,"name":"imprint"}]},{"@type":"WebSite","@id":"https:\/\/gss-kft.com\/#website","url":"https:\/\/gss-kft.com\/","name":"gss-kft.com","description":"Ihr Vertriebspartner f\u00fcr Markenprodukte in ganze Europa.","publisher":{"@id":"https:\/\/gss-kft.com\/#organization"},"potentialAction":[{"@type":"SearchAction","target":{"@type":"EntryPoint","urlTemplate":"https:\/\/gss-kft.com\/?s={search_term_string}"},"query-input":{"@type":"PropertyValueSpecification","valueRequired":true,"valueName":"search_term_string"}}],"inLanguage":"hu"},{"@type":"Organization","@id":"https:\/\/gss-kft.com\/#organization","name":"Sales Pro GmbH","url":"https:\/\/gss-kft.com\/","logo":{"@type":"ImageObject","inLanguage":"hu","@id":"https:\/\/gss-kft.com\/#\/schema\/logo\/image\/","url":"https:\/\/gss-kft.com\/wp-content\/uploads\/2023\/04\/logorgb.svg","contentUrl":"https:\/\/gss-kft.com\/wp-content\/uploads\/2023\/04\/logorgb.svg","width":"1024","height":"1024","caption":"Sales Pro GmbH"},"image":{"@id":"https:\/\/gss-kft.com\/#\/schema\/logo\/image\/"}}]}},"_links":{"self":[{"href":"https:\/\/gss-kft.com\/hu\/wp-json\/wp\/v2\/pages\/1399","targetHints":{"allow":["GET"]}}],"collection":[{"href":"https:\/\/gss-kft.com\/hu\/wp-json\/wp\/v2\/pages"}],"about":[{"href":"https:\/\/gss-kft.com\/hu\/wp-json\/wp\/v2\/types\/page"}],"author":[{"embeddable":true,"href":"https:\/\/gss-kft.com\/hu\/wp-json\/wp\/v2\/users\/1"}],"replies":[{"embeddable":true,"href":"https:\/\/gss-kft.com\/hu\/wp-json\/wp\/v2\/comments?post=1399"}],"version-history":[{"count":5,"href":"https:\/\/gss-kft.com\/hu\/wp-json\/wp\/v2\/pages\/1399\/revisions"}],"predecessor-version":[{"id":1455,"href":"https:\/\/gss-kft.com\/hu\/wp-json\/wp\/v2\/pages\/1399\/revisions\/1455"}],"wp:attachment":[{"href":"https:\/\/gss-kft.com\/hu\/wp-json\/wp\/v2\/media?parent=1399"}],"curies":[{"name":"wp","href":"https:\/\/api.w.org\/{rel}","templated":true}]}}